{"id":1832,"date":"2017-10-23T13:52:33","date_gmt":"2017-10-23T17:52:33","guid":{"rendered":"https:\/\/mariacannelloni.com\/la-ronde-des-animaux-french\/"},"modified":"2025-10-30T19:06:11","modified_gmt":"2025-10-30T23:06:11","slug":"la-ronde-des-animaux-french","status":"publish","type":"page","link":"https:\/\/mariacannelloni.com\/en\/games\/la-ronde-des-animaux-french\/","title":{"rendered":"La ronde des animaux (french)"},"content":{"rendered":"<p>[et_pb_section fb_built=&#8221;1&#8243; _builder_version=&#8221;4.27.4&#8243; border_width_right=&#8221;15px&#8221; border_color_right=&#8221;#ffcd05&#8243; border_width_left=&#8221;15px&#8221; border_color_left=&#8221;#ffcd05&#8243; global_colors_info=&#8221;{}&#8221;][et_pb_row _builder_version=&#8221;4.16&#8243; background_size=&#8221;initial&#8221; background_position=&#8221;top_left&#8221; background_repeat=&#8221;repeat&#8221; global_colors_info=&#8221;{}&#8221;][et_pb_column type=&#8221;4_4&#8243; _builder_version=&#8221;4.16&#8243; custom_padding=&#8221;|||&#8221; global_colors_info=&#8221;{}&#8221; custom_padding__hover=&#8221;|||&#8221;][et_pb_text _builder_version=&#8221;4.27.4&#8243; hover_enabled=&#8221;0&#8243; border_style=&#8221;solid&#8221; global_colors_info=&#8221;{}&#8221; sticky_enabled=&#8221;0&#8243;]<\/p>\n<h1 style=\"text-align: center;\">LA RONDE DES ANIMAUX\u202f! (french)<\/h1>\n<p>[\/et_pb_text][\/et_pb_column][\/et_pb_row][et_pb_row column_structure=&#8221;1_2,1_2&#8243; _builder_version=&#8221;4.16&#8243; background_size=&#8221;initial&#8221; background_position=&#8221;top_left&#8221; background_repeat=&#8221;repeat&#8221; global_colors_info=&#8221;{}&#8221;][et_pb_column type=&#8221;1_2&#8243; _builder_version=&#8221;4.16&#8243; custom_padding=&#8221;|||&#8221; global_colors_info=&#8221;{}&#8221; custom_padding__hover=&#8221;|||&#8221;][et_pb_text _builder_version=&#8221;4.16&#8243; global_colors_info=&#8221;{}&#8221;]<\/p>\n<h3>Take part in the great animal dance and get to know the musical animals of my enchanted brass band.<\/h3>\n<p>[\/et_pb_text][\/et_pb_column][et_pb_column type=&#8221;1_2&#8243; _builder_version=&#8221;4.16&#8243; custom_padding=&#8221;|||&#8221; global_colors_info=&#8221;{}&#8221; custom_padding__hover=&#8221;|||&#8221;][et_pb_text _builder_version=&#8221;4.16&#8243; custom_padding=&#8221;5px|||&#8221; border_style=&#8221;solid&#8221; global_colors_info=&#8221;{}&#8221;]<!--[if lt IE 9]><script>document.createElement('audio');<\/script><![endif]-->\n<audio class=\"wp-audio-shortcode\" id=\"audio-1832-1\" preload=\"none\" style=\"width: 100%;\" controls=\"controls\"><source type=\"audio\/mpeg\" src=\"http:\/\/petitsmenestrels.com\/musique\/La-ronde-des-animaux.mp3?_=1\" \/><a href=\"http:\/\/petitsmenestrels.com\/musique\/La-ronde-des-animaux.mp3\">http:\/\/petitsmenestrels.com\/musique\/La-ronde-des-animaux.mp3<\/a><\/audio><br \/>\n[\/et_pb_text][\/et_pb_column][\/et_pb_row][et_pb_row column_structure=&#8221;1_2,1_4,1_4&#8243; _builder_version=&#8221;4.16&#8243; custom_css_main_element=&#8221;border-top: 4px dotted #FDD447;&#8221; global_colors_info=&#8221;{}&#8221;][et_pb_column type=&#8221;1_2&#8243; _builder_version=&#8221;4.16&#8243; custom_padding=&#8221;|||&#8221; global_colors_info=&#8221;{}&#8221; custom_padding__hover=&#8221;|||&#8221;][et_pb_text admin_label=&#8221;Paroles&#8221; _builder_version=&#8221;4.16&#8243; custom_margin=&#8221;|-20px||&#8221; border_style=&#8221;solid&#8221; global_colors_info=&#8221;{}&#8221;]Dans ma fanfare enchant\u00e9e<br \/>\nLe son du tambour a r\u00e9sonn\u00e9<br \/>\n<a class=\"et_pb_lightbox_image\" title=\"\" href=\"https:\/\/i2.wp.com\/mariacannelloni.com\/wp-content\/uploads\/2017\/10\/la-ronde-Bazou.jpg\"><span class=\"paroles-highlight2\">C\u2019est l\u2019ours Bazou<\/span><\/a><br \/>\nIl avance comme \u00e7a<br \/>\nBlanche, blanche, blanche<\/p>\n<p>Et bien vite est arriv\u00e9<br \/>\nCelle qui veut toujours sauter<br \/>\nSoufflant dans sa fl\u00fbte<br \/>\n<a class=\"et_pb_lightbox_image\" title=\"\" href=\"https:\/\/i1.wp.com\/mariacannelloni.com\/wp-content\/uploads\/2017\/10\/la-ronde-Gribou.jpg\"><span class=\"paroles-highlight2\">La grenouille Gribou<\/span><\/a><br \/>\nElle avance comme \u00e7a<br \/>\nDeux croches, deux croches, deux croches, deux croches, deux croches<\/p>\n<p>De loin il se fait remarquer,<br \/>\nAvec sa guitare amplifi\u00e9e<br \/>\nAh ce qu\u2019il joue fort, <a class=\"et_pb_lightbox_image\" title=\"\" href=\"https:\/\/i0.wp.com\/mariacannelloni.com\/wp-content\/uploads\/2017\/10\/la-ronde-Gros-Doux.jpg\"><span class=\"paroles-highlight2\">le gorille Gros-Doux<\/span><\/a><br \/>\nIl avance comme \u00e7a<br \/>\nNoire, noire, noire<\/p>\n<p><span class=\"paroles-highlight\">Refrain<br \/>\nC\u2019est la ronde des animaux \u2026bis<\/span><\/p>\n<p>Dans le ciel on la voit voler<br \/>\nC\u2019est son violon qu\u2019on entend jouer<br \/>\n<a class=\"et_pb_lightbox_image\" title=\"\" href=\"https:\/\/i1.wp.com\/mariacannelloni.com\/wp-content\/uploads\/2017\/10\/la-ronde-Tourlou.jpg\"><span class=\"paroles-highlight2\">La libellule Tourlou<\/span><\/a><br \/>\nElle avance comme \u00e7a<br \/>\nQuatre doubles, quatre doubles, quatre doubles<\/p>\n<p>Il ne cesse de bavarder<br \/>\nAvec sa trompette dor\u00e9e<br \/>\n<a class=\"et_pb_lightbox_image\" title=\"\" href=\"https:\/\/i0.wp.com\/mariacannelloni.com\/wp-content\/uploads\/2017\/10\/la-ronde-Froufrou.jpg\"><span class=\"paroles-highlight2\">Le kangourou Froufrou<\/span><\/a><br \/>\nIl avance comme \u00e7a<br \/>\nSaute, saute, saute, saute<\/p>\n<p>\u00c0 la fin de la journ\u00e9e<br \/>\nElle est toujours fatigu\u00e9e<br \/>\nElle joue du piano<br \/>\n<a class=\"et_pb_lightbox_image\" title=\"\" href=\"https:\/\/i0.wp.com\/mariacannelloni.com\/wp-content\/uploads\/2017\/10\/la-ronde-Madou.jpg\"><span class=\"paroles-highlight2\">La baleine Madou<\/span><\/a><br \/>\nElle avance comme \u00e7a<br \/>\nRonde 2-3-4, ronde 2-3-4<\/p>\n<p><span class=\"paroles-highlight\">Refrain<\/span><br \/>\n[\/et_pb_text][\/et_pb_column][et_pb_column type=&#8221;1_4&#8243; _builder_version=&#8221;4.16&#8243; custom_padding=&#8221;|||&#8221; global_colors_info=&#8221;{}&#8221; custom_padding__hover=&#8221;|||&#8221;][et_pb_image src=&#8221;https:\/\/mariacannelloni.com\/wp-content\/uploads\/2017\/10\/la-ronde-Bazou.jpg&#8221; show_in_lightbox=&#8221;on&#8221; align=&#8221;center&#8221; align_tablet=&#8221;center&#8221; align_phone=&#8221;center&#8221; align_last_edited=&#8221;on|desktop&#8221; admin_label=&#8221;Bazou&#8221; _builder_version=&#8221;4.16&#8243; border_width_all=&#8221;2px&#8221; border_color_all=&#8221;#fdd447&#8243; border_style_all=&#8221;solid&#8221; box_shadow_style=&#8221;preset1&#8243; box_shadow_color=&#8221;rgba(0,0,0,0.2)&#8221; use_border_color=&#8221;on&#8221; border_color=&#8221;#fdd447&#8243; border_width=&#8221;2px&#8221; border_style=&#8221;solid&#8221; always_center_on_mobile=&#8221;on&#8221; global_colors_info=&#8221;{}&#8221;][\/et_pb_image][et_pb_image src=&#8221;https:\/\/mariacannelloni.com\/wp-content\/uploads\/2017\/10\/la-ronde-Gros-Doux.jpg&#8221; show_in_lightbox=&#8221;on&#8221; align=&#8221;center&#8221; align_tablet=&#8221;center&#8221; align_phone=&#8221;center&#8221; align_last_edited=&#8221;on|desktop&#8221; admin_label=&#8221;Gros-Doux&#8221; _builder_version=&#8221;4.16&#8243; border_width_all=&#8221;2px&#8221; border_color_all=&#8221;#fdd447&#8243; border_style_all=&#8221;solid&#8221; box_shadow_style=&#8221;preset1&#8243; box_shadow_color=&#8221;rgba(0,0,0,0.2)&#8221; use_border_color=&#8221;on&#8221; border_color=&#8221;#fdd447&#8243; border_width=&#8221;2px&#8221; border_style=&#8221;solid&#8221; always_center_on_mobile=&#8221;on&#8221; global_colors_info=&#8221;{}&#8221;][\/et_pb_image][et_pb_image src=&#8221;https:\/\/mariacannelloni.com\/wp-content\/uploads\/2017\/10\/la-ronde-Froufrou.jpg&#8221; show_in_lightbox=&#8221;on&#8221; align=&#8221;center&#8221; align_tablet=&#8221;center&#8221; align_phone=&#8221;center&#8221; align_last_edited=&#8221;on|desktop&#8221; admin_label=&#8221;Froufrou&#8221; _builder_version=&#8221;4.16&#8243; border_width_all=&#8221;2px&#8221; border_color_all=&#8221;#fdd447&#8243; border_style_all=&#8221;solid&#8221; box_shadow_style=&#8221;preset1&#8243; box_shadow_color=&#8221;rgba(0,0,0,0.2)&#8221; use_border_color=&#8221;on&#8221; border_color=&#8221;#fdd447&#8243; border_width=&#8221;2px&#8221; border_style=&#8221;solid&#8221; always_center_on_mobile=&#8221;on&#8221; global_colors_info=&#8221;{}&#8221;][\/et_pb_image][\/et_pb_column][et_pb_column type=&#8221;1_4&#8243; _builder_version=&#8221;4.16&#8243; custom_padding=&#8221;|||&#8221; global_colors_info=&#8221;{}&#8221; custom_padding__hover=&#8221;|||&#8221;][et_pb_image src=&#8221;https:\/\/mariacannelloni.com\/wp-content\/uploads\/2017\/10\/la-ronde-Gribou.jpg&#8221; show_in_lightbox=&#8221;on&#8221; align=&#8221;center&#8221; align_tablet=&#8221;center&#8221; align_phone=&#8221;center&#8221; align_last_edited=&#8221;on|desktop&#8221; admin_label=&#8221;Gribou&#8221; _builder_version=&#8221;4.16&#8243; border_width_all=&#8221;2px&#8221; border_color_all=&#8221;#fdd447&#8243; border_style_all=&#8221;solid&#8221; box_shadow_style=&#8221;preset1&#8243; box_shadow_color=&#8221;rgba(0,0,0,0.2)&#8221; use_border_color=&#8221;on&#8221; border_color=&#8221;#fdd447&#8243; border_width=&#8221;2px&#8221; border_style=&#8221;solid&#8221; always_center_on_mobile=&#8221;on&#8221; global_colors_info=&#8221;{}&#8221;][\/et_pb_image][et_pb_image src=&#8221;https:\/\/mariacannelloni.com\/wp-content\/uploads\/2017\/10\/la-ronde-Tourlou.jpg&#8221; show_in_lightbox=&#8221;on&#8221; align=&#8221;center&#8221; align_tablet=&#8221;center&#8221; align_phone=&#8221;center&#8221; align_last_edited=&#8221;on|desktop&#8221; admin_label=&#8221;Tourlou&#8221; _builder_version=&#8221;4.16&#8243; border_width_all=&#8221;2px&#8221; border_color_all=&#8221;#fdd447&#8243; border_style_all=&#8221;solid&#8221; box_shadow_style=&#8221;preset1&#8243; box_shadow_color=&#8221;rgba(0,0,0,0.2)&#8221; use_border_color=&#8221;on&#8221; border_color=&#8221;#fdd447&#8243; border_width=&#8221;2px&#8221; border_style=&#8221;solid&#8221; always_center_on_mobile=&#8221;on&#8221; global_colors_info=&#8221;{}&#8221;][\/et_pb_image][et_pb_image src=&#8221;https:\/\/mariacannelloni.com\/wp-content\/uploads\/2017\/10\/la-ronde-Madou.jpg&#8221; show_in_lightbox=&#8221;on&#8221; align=&#8221;center&#8221; align_tablet=&#8221;center&#8221; align_phone=&#8221;center&#8221; align_last_edited=&#8221;on|desktop&#8221; admin_label=&#8221;Madou&#8221; _builder_version=&#8221;4.16&#8243; border_width_all=&#8221;2px&#8221; border_color_all=&#8221;#fdd447&#8243; border_style_all=&#8221;solid&#8221; box_shadow_style=&#8221;preset1&#8243; box_shadow_color=&#8221;rgba(0,0,0,0.2)&#8221; use_border_color=&#8221;on&#8221; border_color=&#8221;#fdd447&#8243; border_width=&#8221;2px&#8221; border_style=&#8221;solid&#8221; always_center_on_mobile=&#8221;on&#8221; global_colors_info=&#8221;{}&#8221;][\/et_pb_image][\/et_pb_column][\/et_pb_row][et_pb_row _builder_version=&#8221;4.16&#8243; background_size=&#8221;initial&#8221; background_position=&#8221;top_left&#8221; background_repeat=&#8221;repeat&#8221; global_colors_info=&#8221;{}&#8221;][et_pb_column type=&#8221;4_4&#8243; _builder_version=&#8221;4.16&#8243; custom_padding=&#8221;|||&#8221; global_colors_info=&#8221;{}&#8221; custom_padding__hover=&#8221;|||&#8221;][et_pb_text _builder_version=&#8221;4.16&#8243; border_style=&#8221;solid&#8221; global_colors_info=&#8221;{}&#8221;]<\/p>\n<h2 style=\"text-align: center;\"><a href=\"https:\/\/mariacannelloni.com\/jeux\/coloriages\/\">Click here to find the coloring pages for La ronde des animaux! <\/a><\/h2>\n<p>[\/et_pb_text][\/et_pb_column][\/et_pb_row][et_pb_row _builder_version=&#8221;4.16&#8243; background_size=&#8221;initial&#8221; background_position=&#8221;top_left&#8221; background_repeat=&#8221;repeat&#8221; global_colors_info=&#8221;{}&#8221;][et_pb_column type=&#8221;4_4&#8243; _builder_version=&#8221;4.16&#8243; custom_padding=&#8221;|||&#8221; global_colors_info=&#8221;{}&#8221; custom_padding__hover=&#8221;|||&#8221;][et_pb_text _builder_version=&#8221;4.16&#8243; global_colors_info=&#8221;{}&#8221;]<\/p>\n<p style=\"text-align: center;\"><a href=\"https:\/\/store.cdbaby.com\/cd\/mariacannelloni\">Click here to buy La Ronde des animaux! <\/a><\/p>\n<p>[\/et_pb_text][\/et_pb_column][\/et_pb_row][\/et_pb_section]<\/p>\n","protected":false},"excerpt":{"rendered":"<p>LA RONDE DES ANIMAUX\u202f! (french)Take part in the great animal dance and get to know the musical animals of my enchanted brass band. Dans ma fanfare enchant\u00e9e Le son du tambour a r\u00e9sonn\u00e9 C\u2019est l\u2019ours Bazou Il avance comme \u00e7a Blanche, blanche, blanche Et bien vite est arriv\u00e9 Celle qui veut toujours sauter Soufflant dans [&hellip;]<\/p>\n","protected":false},"author":1,"featured_media":0,"parent":1836,"menu_order":0,"comment_status":"closed","ping_status":"closed","template":"","meta":{"_et_pb_use_builder":"on","_et_pb_old_content":"","_et_gb_content_width":"","footnotes":""},"class_list":["post-1832","page","type-page","status-publish","hentry"],"_links":{"self":[{"href":"https:\/\/mariacannelloni.com\/en\/wp-json\/wp\/v2\/pages\/1832","targetHints":{"allow":["GET"]}}],"collection":[{"href":"https:\/\/mariacannelloni.com\/en\/wp-json\/wp\/v2\/pages"}],"about":[{"href":"https:\/\/mariacannelloni.com\/en\/wp-json\/wp\/v2\/types\/page"}],"author":[{"embeddable":true,"href":"https:\/\/mariacannelloni.com\/en\/wp-json\/wp\/v2\/users\/1"}],"replies":[{"embeddable":true,"href":"https:\/\/mariacannelloni.com\/en\/wp-json\/wp\/v2\/comments?post=1832"}],"version-history":[{"count":2,"href":"https:\/\/mariacannelloni.com\/en\/wp-json\/wp\/v2\/pages\/1832\/revisions"}],"predecessor-version":[{"id":1835,"href":"https:\/\/mariacannelloni.com\/en\/wp-json\/wp\/v2\/pages\/1832\/revisions\/1835"}],"up":[{"embeddable":true,"href":"https:\/\/mariacannelloni.com\/en\/wp-json\/wp\/v2\/pages\/1836"}],"wp:attachment":[{"href":"https:\/\/mariacannelloni.com\/en\/wp-json\/wp\/v2\/media?parent=1832"}],"curies":[{"name":"wp","href":"https:\/\/api.w.org\/{rel}","templated":true}]}}